{"id":511,"date":"2014-12-02T15:48:53","date_gmt":"2014-12-02T13:48:53","guid":{"rendered":"https:\/\/www.bwm.de.com\/?page_id=511"},"modified":"2014-12-02T15:48:53","modified_gmt":"2014-12-02T13:48:53","slug":"zela-2","status":"publish","type":"page","link":"https:\/\/www.bwm.de\/en\/produkte\/zela-2\/","title":{"rendered":"ATK 100 ZeLa"},"content":{"rendered":"<p><strong>BWM ZeLa + BWM ZeLa Edelstahl<\/strong><\/p>\n<p>Mehr als nur eine Befestigung! Der passivhauszertifizierte BWM ZeLa-Halter bietet hohen Montagekomfort bei einem schnellen Montageablauf: F\u00fcr alle Schwertl\u00e4ngen ben\u00f6tigen Sie eine Basiskonsole, die Schwertmontage erfolgt ohne Hilfswerkzeug. Schnell und ohne Nietsatzlehre montieren Sie den Halter vor Ort.<\/p>\n<p>Die zentrische Lasteinleitung erm\u00f6glicht deutliche Kosteneinsparungen durch geringeren Halterbedarf und weniger Arbeitsaufwand.<\/p>\n<p>Das Befestigungssystem punktet zudem durch Energieeffizienz. Seit 2014 passivhauszertifiziert, reduziert der ZeLa von BWM die W\u00e4rmebr\u00fccken signifikant durch thermische Entkopplung im Halter.<\/p>\n<p>Die elastische Lagerung stoppt W\u00e4rmebr\u00fccken und dient der Schwingunsd\u00e4mpfung, der kontrollierte Gleitbereich von +\/-4 mm sichert die thermische L\u00e4ngenausdehnung der Tragpofile.<\/p>\n<div id=\"attachment_1111\" style=\"width: 235px\" class=\"wp-caption alignleft\"><a href=\"https:\/\/www.bwm.de\/wp-content\/uploads\/2014\/12\/14_ATK100Minor_ZeLa-Aluminium_001.jpg\"><img loading=\"lazy\" decoding=\"async\" aria-describedby=\"caption-attachment-1111\" class=\"wp-image-1111 size-medium\" src=\"https:\/\/www.bwm.de\/wp-content\/uploads\/2014\/12\/14_ATK100Minor_ZeLa-Aluminium_001-225x300.jpg\" alt=\"14_ATK100Minor_ZeLa-Aluminium_001\" width=\"225\" height=\"300\" srcset=\"https:\/\/www.bwm.de\/en\/wp-content\/uploads\/sites\/7\/2014\/12\/14_ATK100Minor_ZeLa-Aluminium_001-225x300.jpg 225w, https:\/\/www.bwm.de\/en\/wp-content\/uploads\/sites\/7\/2014\/12\/14_ATK100Minor_ZeLa-Aluminium_001-768x1024.jpg 768w, https:\/\/www.bwm.de\/en\/wp-content\/uploads\/sites\/7\/2014\/12\/14_ATK100Minor_ZeLa-Aluminium_001.jpg 1200w\" sizes=\"auto, (max-width: 225px) 100vw, 225px\" \/><\/a><p id=\"caption-attachment-1111\" class=\"wp-caption-text\">BWM ZeLA Aluminium<\/p><\/div>\n<p>&nbsp;<\/p>\n<p>&nbsp;<\/p>\n<p>&nbsp;<\/p>\n<p>&nbsp;<\/p>\n<p>&nbsp;<\/p>\n<p>&nbsp;<\/p>\n<p>&nbsp;<\/p>\n<p><span style=\"text-decoration: underline\"><em><strong>\u00a0<\/strong><\/em><\/span><\/p>\n<p>&nbsp;<\/p>\n<p>&nbsp;<\/p>\n<div id=\"attachment_1112\" style=\"width: 235px\" class=\"wp-caption alignnone\"><a href=\"https:\/\/www.bwm.de\/wp-content\/uploads\/2014\/12\/14_ATK100Minor_ZeLa-Edelstahl_001.jpg\"><img loading=\"lazy\" decoding=\"async\" aria-describedby=\"caption-attachment-1112\" class=\"wp-image-1112 size-medium\" src=\"https:\/\/www.bwm.de\/wp-content\/uploads\/2014\/12\/14_ATK100Minor_ZeLa-Edelstahl_001-225x300.jpg\" alt=\"14_ATK100Minor_ZeLa-Edelstahl_001\" width=\"225\" height=\"300\" srcset=\"https:\/\/www.bwm.de\/en\/wp-content\/uploads\/sites\/7\/2014\/12\/14_ATK100Minor_ZeLa-Edelstahl_001-225x300.jpg 225w, https:\/\/www.bwm.de\/en\/wp-content\/uploads\/sites\/7\/2014\/12\/14_ATK100Minor_ZeLa-Edelstahl_001-768x1024.jpg 768w, https:\/\/www.bwm.de\/en\/wp-content\/uploads\/sites\/7\/2014\/12\/14_ATK100Minor_ZeLa-Edelstahl_001.jpg 1200w\" sizes=\"auto, (max-width: 225px) 100vw, 225px\" \/><\/a><p id=\"caption-attachment-1112\" class=\"wp-caption-text\">BWM ZeLa Edelstahl<\/p><\/div>\n<p>&nbsp;<\/p>\n","protected":false},"excerpt":{"rendered":"<p>BWM ZeLa + BWM ZeLa Edelstahl Mehr als nur eine Befestigung! Der passivhauszertifizierte BWM ZeLa-Halter bietet hohen Montagekomfort bei einem schnellen Montageablauf: F\u00fcr alle Schwertl\u00e4ngen ben\u00f6tigen Sie eine Basiskonsole, die Schwertmontage erfolgt ohne Hilfswerkzeug. Schnell und ohne Nietsatzlehre montieren Sie den Halter vor Ort. Die zentrische Lasteinleitung erm\u00f6glicht deutliche Kosteneinsparungen durch geringeren Halterbedarf und weniger [&hellip;]<\/p>\n","protected":false},"author":4,"featured_media":0,"parent":81,"menu_order":4,"comment_status":"open","ping_status":"open","template":"","meta":{"_acf_changed":false,"footnotes":""},"class_list":["post-511","page","type-page","status-publish","hentry"],"acf":[],"yoast_head":"<!-- This site is optimized with the Yoast SEO plugin v26.8 - https:\/\/yoast.com\/product\/yoast-seo-wordpress\/ -->\n<title>ATK 100 ZeLa - EN - BWM Fassadensysteme GmbH<\/title>\n<meta name=\"description\" content=\"atk 100 zela\" \/>\n<meta name=\"robots\" content=\"index, follow, max-snippet:-1, max-image-preview:large, max-video-preview:-1\" \/>\n<link rel=\"canonical\" href=\"https:\/\/www.bwm.de\/en\/produkte\/zela-2\/\" \/>\n<meta property=\"og:locale\" content=\"de_DE\" \/>\n<meta property=\"og:type\" content=\"article\" \/>\n<meta property=\"og:title\" content=\"ATK 100 ZeLa - EN - BWM Fassadensysteme GmbH\" \/>\n<meta property=\"og:description\" content=\"atk 100 zela\" \/>\n<meta property=\"og:url\" content=\"https:\/\/www.bwm.de\/en\/produkte\/zela-2\/\" \/>\n<meta property=\"og:site_name\" content=\"EN - BWM Fassadensysteme GmbH\" \/>\n<meta property=\"og:image\" content=\"https:\/\/www.bwm.de\/wp-content\/uploads\/2014\/12\/14_ATK100Minor_ZeLa-Aluminium_001-225x300.jpg\" \/>\n<meta name=\"twitter:card\" content=\"summary_large_image\" \/>\n<meta name=\"twitter:label1\" content=\"Gesch\u00e4tzte Lesezeit\" \/>\n\t<meta name=\"twitter:data1\" content=\"1\u00a0Minute\" \/>\n<script type=\"application\/ld+json\" class=\"yoast-schema-graph\">{\"@context\":\"https:\/\/schema.org\",\"@graph\":[{\"@type\":\"WebPage\",\"@id\":\"https:\/\/www.bwm.de\/en\/produkte\/zela-2\/\",\"url\":\"https:\/\/www.bwm.de\/en\/produkte\/zela-2\/\",\"name\":\"ATK 100 ZeLa - EN - BWM Fassadensysteme GmbH\",\"isPartOf\":{\"@id\":\"https:\/\/www.bwm.de\/en\/#website\"},\"primaryImageOfPage\":{\"@id\":\"https:\/\/www.bwm.de\/en\/produkte\/zela-2\/#primaryimage\"},\"image\":{\"@id\":\"https:\/\/www.bwm.de\/en\/produkte\/zela-2\/#primaryimage\"},\"thumbnailUrl\":\"https:\/\/www.bwm.de\/wp-content\/uploads\/2014\/12\/14_ATK100Minor_ZeLa-Aluminium_001-225x300.jpg\",\"datePublished\":\"2014-12-02T13:48:53+00:00\",\"description\":\"atk 100 zela\",\"breadcrumb\":{\"@id\":\"https:\/\/www.bwm.de\/en\/produkte\/zela-2\/#breadcrumb\"},\"inLanguage\":\"de\",\"potentialAction\":[{\"@type\":\"ReadAction\",\"target\":[\"https:\/\/www.bwm.de\/en\/produkte\/zela-2\/\"]}]},{\"@type\":\"ImageObject\",\"inLanguage\":\"de\",\"@id\":\"https:\/\/www.bwm.de\/en\/produkte\/zela-2\/#primaryimage\",\"url\":\"https:\/\/www.bwm.de\/wp-content\/uploads\/2014\/12\/14_ATK100Minor_ZeLa-Aluminium_001-225x300.jpg\",\"contentUrl\":\"https:\/\/www.bwm.de\/wp-content\/uploads\/2014\/12\/14_ATK100Minor_ZeLa-Aluminium_001-225x300.jpg\"},{\"@type\":\"BreadcrumbList\",\"@id\":\"https:\/\/www.bwm.de\/en\/produkte\/zela-2\/#breadcrumb\",\"itemListElement\":[{\"@type\":\"ListItem\",\"position\":1,\"name\":\"Home\",\"item\":\"https:\/\/www.bwm.de\/en\/\"},{\"@type\":\"ListItem\",\"position\":2,\"name\":\"Aluminium support structure (ATK)\",\"item\":\"https:\/\/www.bwm.de\/en\/produkte\/\"},{\"@type\":\"ListItem\",\"position\":3,\"name\":\"ATK 100 ZeLa\"}]},{\"@type\":\"WebSite\",\"@id\":\"https:\/\/www.bwm.de\/en\/#website\",\"url\":\"https:\/\/www.bwm.de\/en\/\",\"name\":\"EN - BWM Fassadensysteme GmbH\",\"description\":\"\",\"potentialAction\":[{\"@type\":\"SearchAction\",\"target\":{\"@type\":\"EntryPoint\",\"urlTemplate\":\"https:\/\/www.bwm.de\/en\/?s={search_term_string}\"},\"query-input\":{\"@type\":\"PropertyValueSpecification\",\"valueRequired\":true,\"valueName\":\"search_term_string\"}}],\"inLanguage\":\"de\"}]}<\/script>\n<!-- \/ Yoast SEO plugin. -->","yoast_head_json":{"title":"ATK 100 ZeLa - EN - BWM Fassadensysteme GmbH","description":"atk 100 zela","robots":{"index":"index","follow":"follow","max-snippet":"max-snippet:-1","max-image-preview":"max-image-preview:large","max-video-preview":"max-video-preview:-1"},"canonical":"https:\/\/www.bwm.de\/en\/produkte\/zela-2\/","og_locale":"de_DE","og_type":"article","og_title":"ATK 100 ZeLa - EN - BWM Fassadensysteme GmbH","og_description":"atk 100 zela","og_url":"https:\/\/www.bwm.de\/en\/produkte\/zela-2\/","og_site_name":"EN - BWM Fassadensysteme GmbH","og_image":[{"url":"https:\/\/www.bwm.de\/wp-content\/uploads\/2014\/12\/14_ATK100Minor_ZeLa-Aluminium_001-225x300.jpg","type":"","width":"","height":""}],"twitter_card":"summary_large_image","twitter_misc":{"Gesch\u00e4tzte Lesezeit":"1\u00a0Minute"},"schema":{"@context":"https:\/\/schema.org","@graph":[{"@type":"WebPage","@id":"https:\/\/www.bwm.de\/en\/produkte\/zela-2\/","url":"https:\/\/www.bwm.de\/en\/produkte\/zela-2\/","name":"ATK 100 ZeLa - EN - BWM Fassadensysteme GmbH","isPartOf":{"@id":"https:\/\/www.bwm.de\/en\/#website"},"primaryImageOfPage":{"@id":"https:\/\/www.bwm.de\/en\/produkte\/zela-2\/#primaryimage"},"image":{"@id":"https:\/\/www.bwm.de\/en\/produkte\/zela-2\/#primaryimage"},"thumbnailUrl":"https:\/\/www.bwm.de\/wp-content\/uploads\/2014\/12\/14_ATK100Minor_ZeLa-Aluminium_001-225x300.jpg","datePublished":"2014-12-02T13:48:53+00:00","description":"atk 100 zela","breadcrumb":{"@id":"https:\/\/www.bwm.de\/en\/produkte\/zela-2\/#breadcrumb"},"inLanguage":"de","potentialAction":[{"@type":"ReadAction","target":["https:\/\/www.bwm.de\/en\/produkte\/zela-2\/"]}]},{"@type":"ImageObject","inLanguage":"de","@id":"https:\/\/www.bwm.de\/en\/produkte\/zela-2\/#primaryimage","url":"https:\/\/www.bwm.de\/wp-content\/uploads\/2014\/12\/14_ATK100Minor_ZeLa-Aluminium_001-225x300.jpg","contentUrl":"https:\/\/www.bwm.de\/wp-content\/uploads\/2014\/12\/14_ATK100Minor_ZeLa-Aluminium_001-225x300.jpg"},{"@type":"BreadcrumbList","@id":"https:\/\/www.bwm.de\/en\/produkte\/zela-2\/#breadcrumb","itemListElement":[{"@type":"ListItem","position":1,"name":"Home","item":"https:\/\/www.bwm.de\/en\/"},{"@type":"ListItem","position":2,"name":"Aluminium support structure (ATK)","item":"https:\/\/www.bwm.de\/en\/produkte\/"},{"@type":"ListItem","position":3,"name":"ATK 100 ZeLa"}]},{"@type":"WebSite","@id":"https:\/\/www.bwm.de\/en\/#website","url":"https:\/\/www.bwm.de\/en\/","name":"EN - BWM Fassadensysteme GmbH","description":"","potentialAction":[{"@type":"SearchAction","target":{"@type":"EntryPoint","urlTemplate":"https:\/\/www.bwm.de\/en\/?s={search_term_string}"},"query-input":{"@type":"PropertyValueSpecification","valueRequired":true,"valueName":"search_term_string"}}],"inLanguage":"de"}]}},"_links":{"self":[{"href":"https:\/\/www.bwm.de\/en\/wp-json\/wp\/v2\/pages\/511","targetHints":{"allow":["GET"]}}],"collection":[{"href":"https:\/\/www.bwm.de\/en\/wp-json\/wp\/v2\/pages"}],"about":[{"href":"https:\/\/www.bwm.de\/en\/wp-json\/wp\/v2\/types\/page"}],"author":[{"embeddable":true,"href":"https:\/\/www.bwm.de\/en\/wp-json\/wp\/v2\/users\/4"}],"replies":[{"embeddable":true,"href":"https:\/\/www.bwm.de\/en\/wp-json\/wp\/v2\/comments?post=511"}],"version-history":[{"count":0,"href":"https:\/\/www.bwm.de\/en\/wp-json\/wp\/v2\/pages\/511\/revisions"}],"up":[{"embeddable":true,"href":"https:\/\/www.bwm.de\/en\/wp-json\/wp\/v2\/pages\/81"}],"wp:attachment":[{"href":"https:\/\/www.bwm.de\/en\/wp-json\/wp\/v2\/media?parent=511"}],"curies":[{"name":"wp","href":"https:\/\/api.w.org\/{rel}","templated":true}]}}