{"id":368,"date":"2014-11-25T15:36:26","date_gmt":"2014-11-25T13:36:26","guid":{"rendered":"https:\/\/www.bwm.de.com\/?page_id=368"},"modified":"2014-11-25T15:36:26","modified_gmt":"2014-11-25T13:36:26","slug":"atk-100-thermokonsole","status":"publish","type":"page","link":"https:\/\/www.bwm.de\/en\/produkte\/atk-100-thermokonsole\/","title":{"rendered":"ATK 100 Thermokonsole"},"content":{"rendered":"<p><strong>BWM Thermokonsole THK<\/strong><\/p>\n<p><strong>Die BWM Thermokonsole, mit DIBt-Zulassung erf\u00fcllt die effektiven U-Wert Forderungen der Bauherren und Architekten <\/strong>bei gleichzeitiger Reduzierung von W\u00e4rmed\u00e4mmung.<\/p>\n<p>Ein zeitgem\u00e4\u00dfer Fassadenhalter mit vielen Einsatzm\u00f6glichkeiten und gewohnt schneller Montage von BWM Tragprofilen .<\/p>\n<p>F\u00fcr entsprechende Brandschutzanforderungen gibt es die bew\u00e4hrten BWM Konsolenverl\u00e4ngerungen ( THKVL) aus Aluminium<\/p>\n<div id=\"attachment_1108\" style=\"width: 235px\" class=\"wp-caption alignnone\"><a href=\"https:\/\/www.bwm.de\/wp-content\/uploads\/2014\/11\/13_ATK100Minor_ATK100THK_001.jpg\"><img loading=\"lazy\" decoding=\"async\" aria-describedby=\"caption-attachment-1108\" class=\"wp-image-1108 size-medium\" src=\"https:\/\/www.bwm.de\/wp-content\/uploads\/2014\/11\/13_ATK100Minor_ATK100THK_001-225x300.jpg\" alt=\"13_ATK100Minor_ATK100THK_001\" width=\"225\" height=\"300\" srcset=\"https:\/\/www.bwm.de\/en\/wp-content\/uploads\/sites\/7\/2014\/11\/13_ATK100Minor_ATK100THK_001-225x300.jpg 225w, https:\/\/www.bwm.de\/en\/wp-content\/uploads\/sites\/7\/2014\/11\/13_ATK100Minor_ATK100THK_001-768x1024.jpg 768w, https:\/\/www.bwm.de\/en\/wp-content\/uploads\/sites\/7\/2014\/11\/13_ATK100Minor_ATK100THK_001.jpg 1200w\" sizes=\"auto, (max-width: 225px) 100vw, 225px\" \/><\/a><p id=\"caption-attachment-1108\" class=\"wp-caption-text\">BWM &#8211; Thermokonsole<\/p><\/div>\n<p>&nbsp;<\/p>\n<p>&nbsp;<\/p>\n","protected":false},"excerpt":{"rendered":"<p>BWM Thermokonsole THK Die BWM Thermokonsole, mit DIBt-Zulassung erf\u00fcllt die effektiven U-Wert Forderungen der Bauherren und Architekten bei gleichzeitiger Reduzierung von W\u00e4rmed\u00e4mmung. Ein zeitgem\u00e4\u00dfer Fassadenhalter mit vielen Einsatzm\u00f6glichkeiten und gewohnt schneller Montage von BWM Tragprofilen . F\u00fcr entsprechende Brandschutzanforderungen gibt es die bew\u00e4hrten BWM Konsolenverl\u00e4ngerungen ( THKVL) aus Aluminium &nbsp; &nbsp;<\/p>\n","protected":false},"author":4,"featured_media":0,"parent":81,"menu_order":8,"comment_status":"open","ping_status":"open","template":"","meta":{"_acf_changed":false,"footnotes":""},"class_list":["post-368","page","type-page","status-publish","hentry"],"acf":[],"yoast_head":"<!-- This site is optimized with the Yoast SEO plugin v26.8 - https:\/\/yoast.com\/product\/yoast-seo-wordpress\/ -->\n<title>ATK 100 Thermokonsole - EN - BWM Fassadensysteme GmbH<\/title>\n<meta name=\"description\" content=\"atk 100 thermokonsole\" \/>\n<meta name=\"robots\" content=\"index, follow, max-snippet:-1, max-image-preview:large, max-video-preview:-1\" \/>\n<link rel=\"canonical\" href=\"https:\/\/www.bwm.de\/en\/produkte\/atk-100-thermokonsole\/\" \/>\n<meta property=\"og:locale\" content=\"de_DE\" \/>\n<meta property=\"og:type\" content=\"article\" \/>\n<meta property=\"og:title\" content=\"ATK 100 Thermokonsole - EN - BWM Fassadensysteme GmbH\" \/>\n<meta property=\"og:description\" content=\"atk 100 thermokonsole\" \/>\n<meta property=\"og:url\" content=\"https:\/\/www.bwm.de\/en\/produkte\/atk-100-thermokonsole\/\" \/>\n<meta property=\"og:site_name\" content=\"EN - BWM Fassadensysteme GmbH\" \/>\n<meta property=\"og:image\" content=\"https:\/\/www.bwm.de\/wp-content\/uploads\/2014\/11\/13_ATK100Minor_ATK100THK_001-225x300.jpg\" \/>\n<meta name=\"twitter:card\" content=\"summary_large_image\" \/>\n<script type=\"application\/ld+json\" class=\"yoast-schema-graph\">{\"@context\":\"https:\/\/schema.org\",\"@graph\":[{\"@type\":\"WebPage\",\"@id\":\"https:\/\/www.bwm.de\/en\/produkte\/atk-100-thermokonsole\/\",\"url\":\"https:\/\/www.bwm.de\/en\/produkte\/atk-100-thermokonsole\/\",\"name\":\"ATK 100 Thermokonsole - EN - BWM Fassadensysteme GmbH\",\"isPartOf\":{\"@id\":\"https:\/\/www.bwm.de\/en\/#website\"},\"primaryImageOfPage\":{\"@id\":\"https:\/\/www.bwm.de\/en\/produkte\/atk-100-thermokonsole\/#primaryimage\"},\"image\":{\"@id\":\"https:\/\/www.bwm.de\/en\/produkte\/atk-100-thermokonsole\/#primaryimage\"},\"thumbnailUrl\":\"https:\/\/www.bwm.de\/wp-content\/uploads\/2014\/11\/13_ATK100Minor_ATK100THK_001-225x300.jpg\",\"datePublished\":\"2014-11-25T13:36:26+00:00\",\"description\":\"atk 100 thermokonsole\",\"breadcrumb\":{\"@id\":\"https:\/\/www.bwm.de\/en\/produkte\/atk-100-thermokonsole\/#breadcrumb\"},\"inLanguage\":\"de\",\"potentialAction\":[{\"@type\":\"ReadAction\",\"target\":[\"https:\/\/www.bwm.de\/en\/produkte\/atk-100-thermokonsole\/\"]}]},{\"@type\":\"ImageObject\",\"inLanguage\":\"de\",\"@id\":\"https:\/\/www.bwm.de\/en\/produkte\/atk-100-thermokonsole\/#primaryimage\",\"url\":\"https:\/\/www.bwm.de\/wp-content\/uploads\/2014\/11\/13_ATK100Minor_ATK100THK_001-225x300.jpg\",\"contentUrl\":\"https:\/\/www.bwm.de\/wp-content\/uploads\/2014\/11\/13_ATK100Minor_ATK100THK_001-225x300.jpg\"},{\"@type\":\"BreadcrumbList\",\"@id\":\"https:\/\/www.bwm.de\/en\/produkte\/atk-100-thermokonsole\/#breadcrumb\",\"itemListElement\":[{\"@type\":\"ListItem\",\"position\":1,\"name\":\"Home\",\"item\":\"https:\/\/www.bwm.de\/en\/\"},{\"@type\":\"ListItem\",\"position\":2,\"name\":\"Aluminium support structure (ATK)\",\"item\":\"https:\/\/www.bwm.de\/en\/produkte\/\"},{\"@type\":\"ListItem\",\"position\":3,\"name\":\"ATK 100 Thermokonsole\"}]},{\"@type\":\"WebSite\",\"@id\":\"https:\/\/www.bwm.de\/en\/#website\",\"url\":\"https:\/\/www.bwm.de\/en\/\",\"name\":\"EN - BWM Fassadensysteme GmbH\",\"description\":\"\",\"potentialAction\":[{\"@type\":\"SearchAction\",\"target\":{\"@type\":\"EntryPoint\",\"urlTemplate\":\"https:\/\/www.bwm.de\/en\/?s={search_term_string}\"},\"query-input\":{\"@type\":\"PropertyValueSpecification\",\"valueRequired\":true,\"valueName\":\"search_term_string\"}}],\"inLanguage\":\"de\"}]}<\/script>\n<!-- \/ Yoast SEO plugin. -->","yoast_head_json":{"title":"ATK 100 Thermokonsole - EN - BWM Fassadensysteme GmbH","description":"atk 100 thermokonsole","robots":{"index":"index","follow":"follow","max-snippet":"max-snippet:-1","max-image-preview":"max-image-preview:large","max-video-preview":"max-video-preview:-1"},"canonical":"https:\/\/www.bwm.de\/en\/produkte\/atk-100-thermokonsole\/","og_locale":"de_DE","og_type":"article","og_title":"ATK 100 Thermokonsole - EN - BWM Fassadensysteme GmbH","og_description":"atk 100 thermokonsole","og_url":"https:\/\/www.bwm.de\/en\/produkte\/atk-100-thermokonsole\/","og_site_name":"EN - BWM Fassadensysteme GmbH","og_image":[{"url":"https:\/\/www.bwm.de\/wp-content\/uploads\/2014\/11\/13_ATK100Minor_ATK100THK_001-225x300.jpg","type":"","width":"","height":""}],"twitter_card":"summary_large_image","schema":{"@context":"https:\/\/schema.org","@graph":[{"@type":"WebPage","@id":"https:\/\/www.bwm.de\/en\/produkte\/atk-100-thermokonsole\/","url":"https:\/\/www.bwm.de\/en\/produkte\/atk-100-thermokonsole\/","name":"ATK 100 Thermokonsole - EN - BWM Fassadensysteme GmbH","isPartOf":{"@id":"https:\/\/www.bwm.de\/en\/#website"},"primaryImageOfPage":{"@id":"https:\/\/www.bwm.de\/en\/produkte\/atk-100-thermokonsole\/#primaryimage"},"image":{"@id":"https:\/\/www.bwm.de\/en\/produkte\/atk-100-thermokonsole\/#primaryimage"},"thumbnailUrl":"https:\/\/www.bwm.de\/wp-content\/uploads\/2014\/11\/13_ATK100Minor_ATK100THK_001-225x300.jpg","datePublished":"2014-11-25T13:36:26+00:00","description":"atk 100 thermokonsole","breadcrumb":{"@id":"https:\/\/www.bwm.de\/en\/produkte\/atk-100-thermokonsole\/#breadcrumb"},"inLanguage":"de","potentialAction":[{"@type":"ReadAction","target":["https:\/\/www.bwm.de\/en\/produkte\/atk-100-thermokonsole\/"]}]},{"@type":"ImageObject","inLanguage":"de","@id":"https:\/\/www.bwm.de\/en\/produkte\/atk-100-thermokonsole\/#primaryimage","url":"https:\/\/www.bwm.de\/wp-content\/uploads\/2014\/11\/13_ATK100Minor_ATK100THK_001-225x300.jpg","contentUrl":"https:\/\/www.bwm.de\/wp-content\/uploads\/2014\/11\/13_ATK100Minor_ATK100THK_001-225x300.jpg"},{"@type":"BreadcrumbList","@id":"https:\/\/www.bwm.de\/en\/produkte\/atk-100-thermokonsole\/#breadcrumb","itemListElement":[{"@type":"ListItem","position":1,"name":"Home","item":"https:\/\/www.bwm.de\/en\/"},{"@type":"ListItem","position":2,"name":"Aluminium support structure (ATK)","item":"https:\/\/www.bwm.de\/en\/produkte\/"},{"@type":"ListItem","position":3,"name":"ATK 100 Thermokonsole"}]},{"@type":"WebSite","@id":"https:\/\/www.bwm.de\/en\/#website","url":"https:\/\/www.bwm.de\/en\/","name":"EN - BWM Fassadensysteme GmbH","description":"","potentialAction":[{"@type":"SearchAction","target":{"@type":"EntryPoint","urlTemplate":"https:\/\/www.bwm.de\/en\/?s={search_term_string}"},"query-input":{"@type":"PropertyValueSpecification","valueRequired":true,"valueName":"search_term_string"}}],"inLanguage":"de"}]}},"_links":{"self":[{"href":"https:\/\/www.bwm.de\/en\/wp-json\/wp\/v2\/pages\/368","targetHints":{"allow":["GET"]}}],"collection":[{"href":"https:\/\/www.bwm.de\/en\/wp-json\/wp\/v2\/pages"}],"about":[{"href":"https:\/\/www.bwm.de\/en\/wp-json\/wp\/v2\/types\/page"}],"author":[{"embeddable":true,"href":"https:\/\/www.bwm.de\/en\/wp-json\/wp\/v2\/users\/4"}],"replies":[{"embeddable":true,"href":"https:\/\/www.bwm.de\/en\/wp-json\/wp\/v2\/comments?post=368"}],"version-history":[{"count":0,"href":"https:\/\/www.bwm.de\/en\/wp-json\/wp\/v2\/pages\/368\/revisions"}],"up":[{"embeddable":true,"href":"https:\/\/www.bwm.de\/en\/wp-json\/wp\/v2\/pages\/81"}],"wp:attachment":[{"href":"https:\/\/www.bwm.de\/en\/wp-json\/wp\/v2\/media?parent=368"}],"curies":[{"name":"wp","href":"https:\/\/api.w.org\/{rel}","templated":true}]}}