{"id":1463,"date":"2015-06-18T08:34:13","date_gmt":"2015-06-18T06:34:13","guid":{"rendered":"https:\/\/www.bwm.de\/?page_id=1463"},"modified":"2015-06-18T08:34:13","modified_gmt":"2015-06-18T06:34:13","slug":"atk-100-minor","status":"publish","type":"page","link":"https:\/\/www.bwm.de\/en\/produkte\/atk-100-minor\/","title":{"rendered":"ATK 100 Minor"},"content":{"rendered":"<p><strong>BWM WAWI Aluminium + BWM WAWI Edelstahl <\/strong><\/p>\n<p>Seit vielen Jahrzehnten sind die distanz\u00fcberwindenden und praxisbew\u00e4hrten BWM Wandwinkel \u201ekurz WAWI\u201c aus dem Fassaden Alltag nicht mehr wegzudenken.<\/p>\n<p>Im Zuge der ENEV sind die BWM WAWI mittlerweile auch in Edelstahl lieferbar und ebenso mit der Option einer praxisorientierten Haltefeder, f\u00fcr das Vorklemmen der Tragprofile, versehen.<\/p>\n<p>F\u00fcr sehr gro\u00dfe Toleranzen im Mauerwerk k\u00f6nnen die BWM WAWI optional mit einer statisch optimierten Verl\u00e4ngerung versehen werden.<\/p>\n<p><a href=\"https:\/\/www.bwm.de\/wp-content\/uploads\/2015\/01\/1_ATK100Minor_L-Wandwinkel-001.jpg\"><img loading=\"lazy\" decoding=\"async\" class=\"alignnone size-medium wp-image-1059\" src=\"https:\/\/www.bwm.de\/wp-content\/uploads\/2015\/01\/1_ATK100Minor_L-Wandwinkel-001-225x300.jpg\" alt=\"1_ATK100Minor_L-Wandwinkel-001\" width=\"225\" height=\"300\" srcset=\"https:\/\/www.bwm.de\/en\/wp-content\/uploads\/sites\/7\/2015\/01\/1_ATK100Minor_L-Wandwinkel-001-225x300.jpg 225w, https:\/\/www.bwm.de\/en\/wp-content\/uploads\/sites\/7\/2015\/01\/1_ATK100Minor_L-Wandwinkel-001-768x1024.jpg 768w, https:\/\/www.bwm.de\/en\/wp-content\/uploads\/sites\/7\/2015\/01\/1_ATK100Minor_L-Wandwinkel-001.jpg 1200w\" sizes=\"auto, (max-width: 225px) 100vw, 225px\" \/><\/a><\/p>\n<p>&nbsp;<\/p>\n","protected":false},"excerpt":{"rendered":"<p>BWM WAWI Aluminium + BWM WAWI Edelstahl Seit vielen Jahrzehnten sind die distanz\u00fcberwindenden und praxisbew\u00e4hrten BWM Wandwinkel \u201ekurz WAWI\u201c aus dem Fassaden Alltag nicht mehr wegzudenken. Im Zuge der ENEV sind die BWM WAWI mittlerweile auch in Edelstahl lieferbar und ebenso mit der Option einer praxisorientierten Haltefeder, f\u00fcr das Vorklemmen der Tragprofile, versehen. F\u00fcr sehr [&hellip;]<\/p>\n","protected":false},"author":4,"featured_media":0,"parent":81,"menu_order":0,"comment_status":"open","ping_status":"open","template":"","meta":{"_acf_changed":false,"footnotes":""},"class_list":["post-1463","page","type-page","status-publish","hentry"],"acf":[],"yoast_head":"<!-- This site is optimized with the Yoast SEO plugin v26.8 - https:\/\/yoast.com\/product\/yoast-seo-wordpress\/ -->\n<title>ATK 100 Minor - EN - BWM Fassadensysteme GmbH<\/title>\n<meta name=\"description\" content=\"atk 100 minor\" \/>\n<meta name=\"robots\" content=\"index, follow, max-snippet:-1, max-image-preview:large, max-video-preview:-1\" \/>\n<link rel=\"canonical\" href=\"https:\/\/www.bwm.de\/en\/produkte\/atk-100-minor\/\" \/>\n<meta property=\"og:locale\" content=\"de_DE\" \/>\n<meta property=\"og:type\" content=\"article\" \/>\n<meta property=\"og:title\" content=\"ATK 100 Minor - EN - BWM Fassadensysteme GmbH\" \/>\n<meta property=\"og:description\" content=\"atk 100 minor\" \/>\n<meta property=\"og:url\" content=\"https:\/\/www.bwm.de\/en\/produkte\/atk-100-minor\/\" \/>\n<meta property=\"og:site_name\" content=\"EN - BWM Fassadensysteme GmbH\" \/>\n<meta property=\"og:image\" content=\"https:\/\/www.bwm.de\/wp-content\/uploads\/2015\/01\/1_ATK100Minor_L-Wandwinkel-001-225x300.jpg\" \/>\n<meta name=\"twitter:card\" content=\"summary_large_image\" \/>\n<script type=\"application\/ld+json\" class=\"yoast-schema-graph\">{\"@context\":\"https:\/\/schema.org\",\"@graph\":[{\"@type\":\"WebPage\",\"@id\":\"https:\/\/www.bwm.de\/en\/produkte\/atk-100-minor\/\",\"url\":\"https:\/\/www.bwm.de\/en\/produkte\/atk-100-minor\/\",\"name\":\"ATK 100 Minor - EN - BWM Fassadensysteme GmbH\",\"isPartOf\":{\"@id\":\"https:\/\/www.bwm.de\/en\/#website\"},\"primaryImageOfPage\":{\"@id\":\"https:\/\/www.bwm.de\/en\/produkte\/atk-100-minor\/#primaryimage\"},\"image\":{\"@id\":\"https:\/\/www.bwm.de\/en\/produkte\/atk-100-minor\/#primaryimage\"},\"thumbnailUrl\":\"https:\/\/www.bwm.de\/wp-content\/uploads\/2015\/01\/1_ATK100Minor_L-Wandwinkel-001-225x300.jpg\",\"datePublished\":\"2015-06-18T06:34:13+00:00\",\"description\":\"atk 100 minor\",\"breadcrumb\":{\"@id\":\"https:\/\/www.bwm.de\/en\/produkte\/atk-100-minor\/#breadcrumb\"},\"inLanguage\":\"de\",\"potentialAction\":[{\"@type\":\"ReadAction\",\"target\":[\"https:\/\/www.bwm.de\/en\/produkte\/atk-100-minor\/\"]}]},{\"@type\":\"ImageObject\",\"inLanguage\":\"de\",\"@id\":\"https:\/\/www.bwm.de\/en\/produkte\/atk-100-minor\/#primaryimage\",\"url\":\"https:\/\/www.bwm.de\/wp-content\/uploads\/2015\/01\/1_ATK100Minor_L-Wandwinkel-001-225x300.jpg\",\"contentUrl\":\"https:\/\/www.bwm.de\/wp-content\/uploads\/2015\/01\/1_ATK100Minor_L-Wandwinkel-001-225x300.jpg\"},{\"@type\":\"BreadcrumbList\",\"@id\":\"https:\/\/www.bwm.de\/en\/produkte\/atk-100-minor\/#breadcrumb\",\"itemListElement\":[{\"@type\":\"ListItem\",\"position\":1,\"name\":\"Home\",\"item\":\"https:\/\/www.bwm.de\/en\/\"},{\"@type\":\"ListItem\",\"position\":2,\"name\":\"Aluminium support structure (ATK)\",\"item\":\"https:\/\/www.bwm.de\/en\/produkte\/\"},{\"@type\":\"ListItem\",\"position\":3,\"name\":\"ATK 100 Minor\"}]},{\"@type\":\"WebSite\",\"@id\":\"https:\/\/www.bwm.de\/en\/#website\",\"url\":\"https:\/\/www.bwm.de\/en\/\",\"name\":\"EN - BWM Fassadensysteme GmbH\",\"description\":\"\",\"potentialAction\":[{\"@type\":\"SearchAction\",\"target\":{\"@type\":\"EntryPoint\",\"urlTemplate\":\"https:\/\/www.bwm.de\/en\/?s={search_term_string}\"},\"query-input\":{\"@type\":\"PropertyValueSpecification\",\"valueRequired\":true,\"valueName\":\"search_term_string\"}}],\"inLanguage\":\"de\"}]}<\/script>\n<!-- \/ Yoast SEO plugin. -->","yoast_head_json":{"title":"ATK 100 Minor - EN - BWM Fassadensysteme GmbH","description":"atk 100 minor","robots":{"index":"index","follow":"follow","max-snippet":"max-snippet:-1","max-image-preview":"max-image-preview:large","max-video-preview":"max-video-preview:-1"},"canonical":"https:\/\/www.bwm.de\/en\/produkte\/atk-100-minor\/","og_locale":"de_DE","og_type":"article","og_title":"ATK 100 Minor - EN - BWM Fassadensysteme GmbH","og_description":"atk 100 minor","og_url":"https:\/\/www.bwm.de\/en\/produkte\/atk-100-minor\/","og_site_name":"EN - BWM Fassadensysteme GmbH","og_image":[{"url":"https:\/\/www.bwm.de\/wp-content\/uploads\/2015\/01\/1_ATK100Minor_L-Wandwinkel-001-225x300.jpg","type":"","width":"","height":""}],"twitter_card":"summary_large_image","schema":{"@context":"https:\/\/schema.org","@graph":[{"@type":"WebPage","@id":"https:\/\/www.bwm.de\/en\/produkte\/atk-100-minor\/","url":"https:\/\/www.bwm.de\/en\/produkte\/atk-100-minor\/","name":"ATK 100 Minor - EN - BWM Fassadensysteme GmbH","isPartOf":{"@id":"https:\/\/www.bwm.de\/en\/#website"},"primaryImageOfPage":{"@id":"https:\/\/www.bwm.de\/en\/produkte\/atk-100-minor\/#primaryimage"},"image":{"@id":"https:\/\/www.bwm.de\/en\/produkte\/atk-100-minor\/#primaryimage"},"thumbnailUrl":"https:\/\/www.bwm.de\/wp-content\/uploads\/2015\/01\/1_ATK100Minor_L-Wandwinkel-001-225x300.jpg","datePublished":"2015-06-18T06:34:13+00:00","description":"atk 100 minor","breadcrumb":{"@id":"https:\/\/www.bwm.de\/en\/produkte\/atk-100-minor\/#breadcrumb"},"inLanguage":"de","potentialAction":[{"@type":"ReadAction","target":["https:\/\/www.bwm.de\/en\/produkte\/atk-100-minor\/"]}]},{"@type":"ImageObject","inLanguage":"de","@id":"https:\/\/www.bwm.de\/en\/produkte\/atk-100-minor\/#primaryimage","url":"https:\/\/www.bwm.de\/wp-content\/uploads\/2015\/01\/1_ATK100Minor_L-Wandwinkel-001-225x300.jpg","contentUrl":"https:\/\/www.bwm.de\/wp-content\/uploads\/2015\/01\/1_ATK100Minor_L-Wandwinkel-001-225x300.jpg"},{"@type":"BreadcrumbList","@id":"https:\/\/www.bwm.de\/en\/produkte\/atk-100-minor\/#breadcrumb","itemListElement":[{"@type":"ListItem","position":1,"name":"Home","item":"https:\/\/www.bwm.de\/en\/"},{"@type":"ListItem","position":2,"name":"Aluminium support structure (ATK)","item":"https:\/\/www.bwm.de\/en\/produkte\/"},{"@type":"ListItem","position":3,"name":"ATK 100 Minor"}]},{"@type":"WebSite","@id":"https:\/\/www.bwm.de\/en\/#website","url":"https:\/\/www.bwm.de\/en\/","name":"EN - BWM Fassadensysteme GmbH","description":"","potentialAction":[{"@type":"SearchAction","target":{"@type":"EntryPoint","urlTemplate":"https:\/\/www.bwm.de\/en\/?s={search_term_string}"},"query-input":{"@type":"PropertyValueSpecification","valueRequired":true,"valueName":"search_term_string"}}],"inLanguage":"de"}]}},"_links":{"self":[{"href":"https:\/\/www.bwm.de\/en\/wp-json\/wp\/v2\/pages\/1463","targetHints":{"allow":["GET"]}}],"collection":[{"href":"https:\/\/www.bwm.de\/en\/wp-json\/wp\/v2\/pages"}],"about":[{"href":"https:\/\/www.bwm.de\/en\/wp-json\/wp\/v2\/types\/page"}],"author":[{"embeddable":true,"href":"https:\/\/www.bwm.de\/en\/wp-json\/wp\/v2\/users\/4"}],"replies":[{"embeddable":true,"href":"https:\/\/www.bwm.de\/en\/wp-json\/wp\/v2\/comments?post=1463"}],"version-history":[{"count":0,"href":"https:\/\/www.bwm.de\/en\/wp-json\/wp\/v2\/pages\/1463\/revisions"}],"up":[{"embeddable":true,"href":"https:\/\/www.bwm.de\/en\/wp-json\/wp\/v2\/pages\/81"}],"wp:attachment":[{"href":"https:\/\/www.bwm.de\/en\/wp-json\/wp\/v2\/media?parent=1463"}],"curies":[{"name":"wp","href":"https:\/\/api.w.org\/{rel}","templated":true}]}}