{"id":121,"date":"2023-05-12T08:14:24","date_gmt":"2023-05-12T06:14:24","guid":{"rendered":"https:\/\/www.bwm.de.com\/?page_id=121"},"modified":"2024-04-24T15:36:52","modified_gmt":"2024-04-24T13:36:52","slug":"presse","status":"publish","type":"page","link":"https:\/\/www.bwm.de\/en\/presse\/","title":{"rendered":"Press"},"content":{"rendered":"\n<h4 class=\"wp-block-heading\">May 2024<\/h4>\n\n\n\n<h2 class=\"wp-block-heading\">Moving BWM Fassadensysteme GmbH to New Locations<\/h2>\n\n\n<p data-sider-select-id=\"2a4fbca5-5c6a-4919-9080-46201b19bc5f\">Dear Business Partners,<\/p>\n<p data-sider-select-id=\"90dfee85-81b5-459d-b4f2-c1d9c9a95bfd\">we would like to inform you that BWM Fassadensysteme GmbH will be relocating to new locations effective May 1st, 2024:<\/p>\n<ul>\n<li data-sider-select-id=\"d9cd8a3d-b89d-48b1-938c-e678f5d6adaa\"><strong data-sider-select-id=\"828023ba-8d53-4189-ba84-3e431e7e2c33\">Headquarters:<\/strong> Bertha-Benz-Platz 3 in 70771 Leinfelden Echterdingen\u00a0<\/li>\n<li data-sider-select-id=\"d9cd8a3d-b89d-48b1-938c-e678f5d6adaa\"><strong data-sider-select-id=\"4fbaa9a3-8374-4fe3-8ba6-0ed80b122372\"> BWM Logistics:<\/strong> Einhornstra\u00dfe 7 in 72138 Kirchentellinsfurt<\/li>\n<\/ul>\n<p data-sider-select-id=\"d9cd8a3d-b89d-48b1-938c-e678f5d6adaa\">All contact details such as points of contact, telephone numbers, email addresses, etc. will remain unchanged, as well as the address of our production facility in Gorleben.<\/p>\n<p>We kindly ask you to take note of the new addresses for our future collaboration.<\/p>\n\n\n<h4 class=\"wp-block-heading\">May 2023 <\/h4>\n\n\n\n<h2 class=\"wp-block-heading\">Innovations for the facades of the future<\/h2>\n\n\n\n<h4 class=\"wp-block-heading\"><strong>Summary of the &#8222;Bau 2023&#8220;<\/strong><\/h4>\n\n\n\n<figure class=\"wp-block-gallery has-nested-images columns-default is-cropped wp-block-gallery-1 is-layout-flex wp-block-gallery-is-layout-flex\">\n<figure class=\"wp-block-image size-large\"><a href=\"https:\/\/www.bwm.de\/en\/wp-content\/uploads\/sites\/7\/2023\/05\/fischer-NB-BAU-Fassadensysteme-Bild-1-scaled.jpg\"><img loading=\"lazy\" decoding=\"async\" width=\"1024\" height=\"570\" data-id=\"2256\" src=\"https:\/\/www.bwm.de\/en\/wp-content\/uploads\/sites\/7\/2023\/05\/fischer-NB-BAU-Fassadensysteme-Bild-1-1024x570.jpg\" alt=\"\" class=\"wp-image-2256\" srcset=\"https:\/\/www.bwm.de\/en\/wp-content\/uploads\/sites\/7\/2023\/05\/fischer-NB-BAU-Fassadensysteme-Bild-1-1024x570.jpg 1024w, https:\/\/www.bwm.de\/en\/wp-content\/uploads\/sites\/7\/2023\/05\/fischer-NB-BAU-Fassadensysteme-Bild-1-300x167.jpg 300w, https:\/\/www.bwm.de\/en\/wp-content\/uploads\/sites\/7\/2023\/05\/fischer-NB-BAU-Fassadensysteme-Bild-1-768x427.jpg 768w, https:\/\/www.bwm.de\/en\/wp-content\/uploads\/sites\/7\/2023\/05\/fischer-NB-BAU-Fassadensysteme-Bild-1-1536x855.jpg 1536w, https:\/\/www.bwm.de\/en\/wp-content\/uploads\/sites\/7\/2023\/05\/fischer-NB-BAU-Fassadensysteme-Bild-1-2048x1140.jpg 2048w\" sizes=\"auto, (max-width: 1024px) 100vw, 1024px\" \/><\/a><\/figure>\n\n\n\n<figure class=\"wp-block-image size-large\"><a href=\"https:\/\/www.bwm.de\/en\/wp-content\/uploads\/sites\/7\/2023\/05\/fischer-NB-BAU-Fassadensysteme-Bild-2-scaled.jpg\"><img loading=\"lazy\" decoding=\"async\" width=\"1024\" height=\"726\" data-id=\"2254\" src=\"https:\/\/www.bwm.de\/en\/wp-content\/uploads\/sites\/7\/2023\/05\/fischer-NB-BAU-Fassadensysteme-Bild-2-1024x726.jpg\" alt=\"\" class=\"wp-image-2254\" srcset=\"https:\/\/www.bwm.de\/en\/wp-content\/uploads\/sites\/7\/2023\/05\/fischer-NB-BAU-Fassadensysteme-Bild-2-1024x726.jpg 1024w, https:\/\/www.bwm.de\/en\/wp-content\/uploads\/sites\/7\/2023\/05\/fischer-NB-BAU-Fassadensysteme-Bild-2-300x213.jpg 300w, https:\/\/www.bwm.de\/en\/wp-content\/uploads\/sites\/7\/2023\/05\/fischer-NB-BAU-Fassadensysteme-Bild-2-768x545.jpg 768w, https:\/\/www.bwm.de\/en\/wp-content\/uploads\/sites\/7\/2023\/05\/fischer-NB-BAU-Fassadensysteme-Bild-2-1536x1090.jpg 1536w, https:\/\/www.bwm.de\/en\/wp-content\/uploads\/sites\/7\/2023\/05\/fischer-NB-BAU-Fassadensysteme-Bild-2-2048x1453.jpg 2048w\" sizes=\"auto, (max-width: 1024px) 100vw, 1024px\" \/><\/a><\/figure>\n\n\n\n<figure class=\"wp-block-image size-large\"><a href=\"https:\/\/www.bwm.de\/en\/wp-content\/uploads\/sites\/7\/2023\/05\/fischer-NB-BAU-Fassadensysteme-Bild-3-scaled.jpg\"><img loading=\"lazy\" decoding=\"async\" width=\"1024\" height=\"760\" data-id=\"2255\" src=\"https:\/\/www.bwm.de\/en\/wp-content\/uploads\/sites\/7\/2023\/05\/fischer-NB-BAU-Fassadensysteme-Bild-3-1024x760.jpg\" alt=\"\" class=\"wp-image-2255\" srcset=\"https:\/\/www.bwm.de\/en\/wp-content\/uploads\/sites\/7\/2023\/05\/fischer-NB-BAU-Fassadensysteme-Bild-3-1024x760.jpg 1024w, https:\/\/www.bwm.de\/en\/wp-content\/uploads\/sites\/7\/2023\/05\/fischer-NB-BAU-Fassadensysteme-Bild-3-300x223.jpg 300w, https:\/\/www.bwm.de\/en\/wp-content\/uploads\/sites\/7\/2023\/05\/fischer-NB-BAU-Fassadensysteme-Bild-3-768x570.jpg 768w, https:\/\/www.bwm.de\/en\/wp-content\/uploads\/sites\/7\/2023\/05\/fischer-NB-BAU-Fassadensysteme-Bild-3-1536x1139.jpg 1536w, https:\/\/www.bwm.de\/en\/wp-content\/uploads\/sites\/7\/2023\/05\/fischer-NB-BAU-Fassadensysteme-Bild-3-2048x1519.jpg 2048w\" sizes=\"auto, (max-width: 1024px) 100vw, 1024px\" \/><\/a><\/figure>\n<\/figure>\n\n\n\n<p>&#8222;The BAU fair was very successful for us,&#8220; sums up Christian Knoll, Managing Director of fischer SystemTec GmbH &amp; fischer BWM Fassadensysteme. &#8222;Numerous visitors came to our stand to experience our fa\u00e7ade systems live and to find suitable solutions for their applications and projects in conversation with our experts. The personal exchange with our long-standing customers and new interested parties about our product and service innovations as well as current industry trends was very valuable for us.&#8220; Oliver Fr\u00f6hlich, Managing Director of fischer BWM Fassadensysteme, adds: &#8222;We are very pleased that we were able to welcome a wide range of trade visitors to our BAU stand and convince them of our innovations for modern and sustainable fa\u00e7ades. Promising opportunities for cooperation arose from the exchange and we are taking away many new ideas for our range of systems and services.&#8220; The influx of visitors to the fischer BWM BAU stand was consistently high. More than 60 percent of the contacts recorded were foreign trade visitors who came from 40 different countries.<\/p>\n\n\n\n<p>The complete solutions presented for all cladding materials of ventilated curtain facades (VHF) were well received by the visitors. The feedback on the selected fixing innovations at the fischer group of companies&#8216; stand in Hall A1, Stand 329 was also positive throughout. An expression of the merger of fischer and BWM was the exhibitor&#8217;s appearance in the new fischer design. The uniform appearance created an unmistakable identity for the overarching fischer group of companies in Halls A2 and A1. The presentation made clear to visitors the wide variety of complete VHF solutions and the fixing competence as a VHF system provider offered by the fischer BWM fa\u00e7ade systems. <\/p>\n\n\n\n<p>Among other things, the new fischer FLH-R wall bracket aroused great interest at the trade fair stand. The market launch with passive house certificate enables the safe and energy-optimised transfer of loads from the VHF into the anchoring base. The optimised profiling of the wall bracket using the finite element method (FEM) increases the static performance. This enables material savings in favour of improved structural-physical properties, reduced dead loads of the system and a sparing use of resources. The wall bracket can take on various functions as a fixed or sliding point in the tried-and-tested fischer BWM fa\u00e7ade systems. Visitors also took the opportunity to see other innovative and high-quality complete solutions for safe and aesthetic VHF installation at the exhibition stand. The exhibited complete system of coordinated products with tested and approved individual components included, among other things, a comprehensive range of substructure solutions for concealed and visible VHF fixing. In addition, the exhibitor was able to talk to guests at the stand about its wide range of services, with which the fischer BWM specialists support planners and fa\u00e7ade builders with consulting and calculation services from instruction and installation through all construction phases to the successful completion of the project.<\/p>\n\n\n\n<hr class=\"wp-block-separator has-alpha-channel-opacity\" \/>\n\n\n\n<h4 class=\"wp-block-heading\">November 2018<\/h4>\n\n\n\n<h2 class=\"wp-block-heading\">Theory and practice in intensive dialogue<\/h2>\n\n\n\n<h3 class=\"wp-block-heading\">BWM Fassadensysteme at BAU 2019<\/h3>\n\n\n\n<p>\u201cSystems and Structures\u201d is one of the key topics at BAU 2019, from January 14 to 19 in Munich. Appropriately, BWM Fassadensysteme GmbH from Leinfelden-Echterdingen in Hall A2, Stand 338, will present a selection of their classics and the latest developments from their substructure systems for rear-ventilated, curtain fa\u00e7ades (VHF).<\/p>\n\n\n<a  data-e-Disable-Page-Transition=\"true\" class=\"download-link\" title=\"\" href=\"https:\/\/www.bwm.de\/en\/download\/1849\/?tmstv=1778798106\" rel=\"nofollow\" id=\"download-link-1849\" data-redirect=\"false\" >\n\tVorankuendigung-Messeauftritt-BWM.pdf<\/a>\n\n\n\n\n<hr class=\"wp-block-separator has-alpha-channel-opacity\" \/>\n\n\n\n<h4 class=\"wp-block-heading\">September 2018<\/h4>\n\n\n\n<h2 class=\"wp-block-heading\">fischer to take over BWM \u00fcbel und Montagetechnik<\/h2>\n\n\n\n<h3 class=\"wp-block-heading\">Increased focus on sustainable construction<\/h3>\n\n\n\n<p>The fischer Group of Companies is increasing its activities in the area of innovative and energy-efficient construction. To this end, the fixing specialist has fully taken over BWM D\u00fcbel und Montagetechnik GmbH from Leinfelden-Echterdingen near Stuttgart. fischer will thus enhance its broad programme of innovative fixing solutions with substructure systems for secure and sustainable fa\u00e7ades. The two companies worked closely together even before the takeover.<\/p>\n\n\n<a  data-e-Disable-Page-Transition=\"true\" class=\"download-link\" title=\"\" href=\"https:\/\/www.bwm.de\/en\/download\/1845\/?tmstv=1778798106\" rel=\"nofollow\" id=\"download-link-1845\" data-redirect=\"false\" >\n\tPresseinformation-fischer-uebernimmt-BWM.pdf<\/a>\n\n\n\n\n<hr class=\"wp-block-separator has-alpha-channel-opacity\" \/>\n\n\n\n<h4 class=\"wp-block-heading\">February&nbsp;2016<\/h4>\n\n\n\n<h2 class=\"wp-block-heading\">Neubau f\u00fcr Inklusions-P\u00e4dagogik auf dem Campus der Uni Potsdam<\/h2>\n\n\n\n<h3 class=\"wp-block-heading\">Vorgeh\u00e4ngte hinterl\u00fcftete Fassade aus Cortenstahl<\/h3>\n\n\n\n<p>Internationale Spitzenforschung von der Biotechnologie bis zur Gravitationsphysik, die Ausbildung des wissenschaftlichen Nachwuchses und forschungsnahe Produktion verbinden sich in der wachstumsstarken Region Berlin-Brandenburg zu einem Standort mit beispielgebendem Innovationspotential. Der Standort mit mehr als 50 Hektar Fl\u00e4che bietet optimale Bedingungen f\u00fcr namhafte wissenschaftliche Institute, technologieorientierte und forschungsnahe Unternehmen sowie innovative Existenzgr\u00fcnder.<\/p>\n\n\n\n<a  data-e-Disable-Page-Transition=\"true\" class=\"download-link\" title=\"\" href=\"https:\/\/www.bwm.de\/en\/download\/1797\/?tmstv=1778798106\" rel=\"nofollow\" id=\"download-link-1797\" data-redirect=\"false\" >\n\tBWM-VHF-f\u00fcr-Campus-Potsdam<\/a>\n\n\n\n\n<hr class=\"wp-block-separator has-alpha-channel-opacity\" \/>\n\n\n\n<h4 class=\"wp-block-heading\">Decenber 2015<\/h4>\n\n\n\n<h2 class=\"wp-block-heading\">EUREF-Campus in Berlin mit signifikanter Nordspitze<\/h2>\n\n\n\n<h3 class=\"wp-block-heading\">Intelligente Fassadenl\u00f6sungen f\u00fcr die Stadt von morgen<\/h3>\n\n\n\n<p>Das ca. 5,5 Hektar gro\u00dfe Stadtquartier um den Gasometer im Berliner Stadtbezirk Sch\u00f6neberg ist Symbol der Energiewende in Deutschland und Standort f\u00fcr Unternehmen aus den Bereichen Energie, Nachhaltigkeit und Mobilit\u00e4t. \u00d6kologisch und \u00f6konomisch nachhaltige L\u00f6sungen machen den B\u00fcro- und Wissenschaftscampus \u2013 der bereits seit 2014 die Klimaziele der Bundesregierung f\u00fcr 2050 erf\u00fcllt \u2013 zu einem europaweit einmaligen Zentrum f\u00fcr innovative Zukunftsprojekte. Eine CO<sup>2<\/sup>-neutrale Energieversorgung, ein \u201eMicro Smart Grid\u201c zum Energielastmanagement, energetisch optimierte Green Buildings, eine Erprobungsplattform f\u00fcr Elektromobilit\u00e4t, vielf\u00e4ltige Veranstaltungsfl\u00e4chen sowie eigene praxisorientierte Masterstudieng\u00e4nge in Kooperation mit der TU Berlin und die Ernennung zum Forschungscampus der Bundesregierung sind die zentralen Merkmale des EUREF-Campus.<\/p>\n\n\n<a  data-e-Disable-Page-Transition=\"true\" class=\"download-link\" title=\"\" href=\"https:\/\/www.bwm.de\/en\/download\/1757\/?tmstv=1778798106\" rel=\"nofollow\" id=\"download-link-1757\" data-redirect=\"false\" >\n\tBWM_Euref-Cambus_Berlin<\/a>\n\n\n\n\n<hr class=\"wp-block-separator has-alpha-channel-opacity\" \/>\n\n\n\n<h4 class=\"wp-block-heading\">August 2014<\/h4>\n\n\n\n<h2 class=\"wp-block-heading\">BWM Thermal console<\/h2>\n\n\n\n<h3 class=\"wp-block-heading\">certified as a Passivhaus component<\/h3>\n\n\n\n<p class=\"has-text-align-left\">The&nbsp;Passivhaus standard&nbsp;for&nbsp;building properties&nbsp;distinguishes itself&nbsp;through&nbsp;very high energy-savings&nbsp;in comparison to&nbsp;conventional new-builds.&nbsp;This saving is&nbsp;achieved by highly-efficient buildings&nbsp;and technical&nbsp;plant and devices&nbsp;in the building.&nbsp;Alongside&nbsp;careful planning of the details, the use of&nbsp;particularly energy-efficient&nbsp;components is a prerequisite.<\/p>\n\n\n\n<a  data-e-Disable-Page-Transition=\"true\" class=\"download-link\" title=\"\" href=\"https:\/\/www.bwm.de\/en\/download\/188\/?tmstv=1778798106\" rel=\"nofollow\" id=\"download-link-188\" data-redirect=\"false\" >\n\tZertifikat-Passivhaus-Komponente-Thermokonsole<\/a>\n\n\n\n\n<hr class=\"wp-block-separator has-alpha-channel-opacity\" \/>\n\n\n\n<h4 class=\"wp-block-heading\">December 2013<\/h4>\n\n\n\n<h2 class=\"wp-block-heading\">Perforated aluminium&nbsp;sheets as a&nbsp;suspended back-ventilated&nbsp;rainscreen facade<\/h2>\n\n\n\n<h3 class=\"wp-block-heading\">for a new&nbsp;School complex&nbsp;in Zagreb<\/h3>\n\n\n\n<p class=\"has-text-align-left\">The time of purely purpose-built structures for schools, in&nbsp;which&nbsp;classrooms are&nbsp;clustered together in a battery-like fashion,&nbsp;hallways&nbsp;serve purely as&nbsp;traffic routes&nbsp;and the gymnasiums&nbsp;should suffice merely for physical education, is long since over.&nbsp;Not only in Germany&nbsp;but also in other European countries in the meantime architects&nbsp;design school complexes&nbsp;as \u201edisplay objects\u201c, in which learning should be fun. In&nbsp;attractively&nbsp;designed architectural surroundings&nbsp;pupils&nbsp;from different&nbsp;secondary levels are&nbsp;spurred on&nbsp;to high achievements. The new school complex&nbsp;ALOJZIJE STEPINAC&nbsp;in the Vrbani III District in Zagreb\/Croatia is a successful example of this.<\/p>\n\n\n\n<a  data-e-Disable-Page-Transition=\"true\" class=\"download-link\" title=\"\" href=\"https:\/\/www.bwm.de\/en\/download\/192\/?tmstv=1778798106\" rel=\"nofollow\" id=\"download-link-192\" data-redirect=\"false\" >\n\tSchule-Zagreb<\/a>\n\n\n\n\n<h4 class=\"wp-block-heading\">&nbsp;<\/h4>\n\n\n\n<hr class=\"wp-block-separator has-alpha-channel-opacity\" \/>\n\n\n\n<h4 class=\"wp-block-heading\">&nbsp;<\/h4>\n\n\n\n<h4 class=\"wp-block-heading\">September 2013<\/h4>\n\n\n\n<h2 class=\"wp-block-heading\">Building for Children: Puzzle elements as architectural Surroundings<\/h2>\n\n\n\n<h3 class=\"wp-block-heading\">for&nbsp;Games and&nbsp;a joy in Learning<\/h3>\n\n\n\n<p>Vrbani in Zagreb\/Croatia was built&nbsp;once&nbsp;according to&nbsp;a&nbsp;famous&nbsp;city planning&nbsp;design (sub-division into districts). The Vrbani III District marks out a smaller zone&nbsp;containing a few dozen streets&nbsp;with residential houses&nbsp;with large trees, green areas and clearly defined public areas. Quality awareness, dimensions and logic&nbsp;characterize its&nbsp;spatial lay-out. The new Vrbani III Kindergarten&nbsp;was built here&nbsp;on the last plot of land,&nbsp;which was&nbsp;ear-marked for building a school.&nbsp;The design&nbsp;&nbsp;comes from the architect Davor Matekovic&nbsp;in the&nbsp;Planning Office&nbsp;PROARH&nbsp;in Zagreb.<\/p>\n\n\n\n<a  data-e-Disable-Page-Transition=\"true\" class=\"download-link\" title=\"\" href=\"https:\/\/www.bwm.de\/en\/download\/194\/?tmstv=1778798106\" rel=\"nofollow\" id=\"download-link-194\" data-redirect=\"false\" >\n\tKindergarten-Vrbani-Zagreb<\/a>\n\n","protected":false},"excerpt":{"rendered":"<p>May 2024 Moving BWM Fassadensysteme GmbH to New Locations Dear Business Partners, we would like to inform you that BWM Fassadensysteme GmbH will be relocating to new locations effective May 1st, 2024: Headquarters: Bertha-Benz-Platz 3 in 70771 Leinfelden Echterdingen\u00a0 BWM Logistics: Einhornstra\u00dfe 7 in 72138 Kirchentellinsfurt All contact details such as points of contact, telephone [&hellip;]<\/p>\n","protected":false},"author":10,"featured_media":0,"parent":0,"menu_order":0,"comment_status":"open","ping_status":"open","template":"","meta":{"_acf_changed":false,"footnotes":""},"class_list":["post-121","page","type-page","status-publish","hentry"],"acf":[],"yoast_head":"<!-- This site is optimized with the Yoast SEO plugin v26.8 - https:\/\/yoast.com\/product\/yoast-seo-wordpress\/ -->\n<title>Press - EN - BWM Fassadensysteme GmbH<\/title>\n<meta name=\"robots\" content=\"index, follow, max-snippet:-1, max-image-preview:large, max-video-preview:-1\" \/>\n<link rel=\"canonical\" href=\"https:\/\/www.bwm.de\/en\/presse\/\" \/>\n<meta property=\"og:locale\" content=\"de_DE\" \/>\n<meta property=\"og:type\" content=\"article\" \/>\n<meta property=\"og:title\" content=\"Press - EN - BWM Fassadensysteme GmbH\" \/>\n<meta property=\"og:description\" content=\"May 2024 Moving BWM Fassadensysteme GmbH to New Locations Dear Business Partners, we would like to inform you that BWM Fassadensysteme GmbH will be relocating to new locations effective May 1st, 2024: Headquarters: Bertha-Benz-Platz 3 in 70771 Leinfelden Echterdingen\u00a0 BWM Logistics: Einhornstra\u00dfe 7 in 72138 Kirchentellinsfurt All contact details such as points of contact, telephone [&hellip;]\" \/>\n<meta property=\"og:url\" content=\"https:\/\/www.bwm.de\/en\/presse\/\" \/>\n<meta property=\"og:site_name\" content=\"EN - BWM Fassadensysteme GmbH\" \/>\n<meta property=\"article:modified_time\" content=\"2024-04-24T13:36:52+00:00\" \/>\n<meta property=\"og:image\" content=\"https:\/\/www.bwm.de\/en\/wp-content\/uploads\/sites\/7\/2023\/05\/fischer-NB-BAU-Fassadensysteme-Bild-1-1024x570.jpg\" \/>\n<meta name=\"twitter:card\" content=\"summary_large_image\" \/>\n<meta name=\"twitter:label1\" content=\"Gesch\u00e4tzte Lesezeit\" \/>\n\t<meta name=\"twitter:data1\" content=\"8\u00a0Minuten\" \/>\n<script type=\"application\/ld+json\" class=\"yoast-schema-graph\">{\"@context\":\"https:\/\/schema.org\",\"@graph\":[{\"@type\":\"WebPage\",\"@id\":\"https:\/\/www.bwm.de\/en\/presse\/\",\"url\":\"https:\/\/www.bwm.de\/en\/presse\/\",\"name\":\"Press - EN - BWM Fassadensysteme GmbH\",\"isPartOf\":{\"@id\":\"https:\/\/www.bwm.de\/en\/#website\"},\"primaryImageOfPage\":{\"@id\":\"https:\/\/www.bwm.de\/en\/presse\/#primaryimage\"},\"image\":{\"@id\":\"https:\/\/www.bwm.de\/en\/presse\/#primaryimage\"},\"thumbnailUrl\":\"https:\/\/www.bwm.de\/en\/wp-content\/uploads\/sites\/7\/2023\/05\/fischer-NB-BAU-Fassadensysteme-Bild-1-1024x570.jpg\",\"datePublished\":\"2023-05-12T06:14:24+00:00\",\"dateModified\":\"2024-04-24T13:36:52+00:00\",\"breadcrumb\":{\"@id\":\"https:\/\/www.bwm.de\/en\/presse\/#breadcrumb\"},\"inLanguage\":\"de\",\"potentialAction\":[{\"@type\":\"ReadAction\",\"target\":[\"https:\/\/www.bwm.de\/en\/presse\/\"]}]},{\"@type\":\"ImageObject\",\"inLanguage\":\"de\",\"@id\":\"https:\/\/www.bwm.de\/en\/presse\/#primaryimage\",\"url\":\"https:\/\/www.bwm.de\/en\/wp-content\/uploads\/sites\/7\/2023\/05\/fischer-NB-BAU-Fassadensysteme-Bild-1-scaled.jpg\",\"contentUrl\":\"https:\/\/www.bwm.de\/en\/wp-content\/uploads\/sites\/7\/2023\/05\/fischer-NB-BAU-Fassadensysteme-Bild-1-scaled.jpg\",\"width\":2560,\"height\":1425},{\"@type\":\"BreadcrumbList\",\"@id\":\"https:\/\/www.bwm.de\/en\/presse\/#breadcrumb\",\"itemListElement\":[{\"@type\":\"ListItem\",\"position\":1,\"name\":\"Home\",\"item\":\"https:\/\/www.bwm.de\/en\/\"},{\"@type\":\"ListItem\",\"position\":2,\"name\":\"Press\"}]},{\"@type\":\"WebSite\",\"@id\":\"https:\/\/www.bwm.de\/en\/#website\",\"url\":\"https:\/\/www.bwm.de\/en\/\",\"name\":\"EN - BWM Fassadensysteme GmbH\",\"description\":\"\",\"potentialAction\":[{\"@type\":\"SearchAction\",\"target\":{\"@type\":\"EntryPoint\",\"urlTemplate\":\"https:\/\/www.bwm.de\/en\/?s={search_term_string}\"},\"query-input\":{\"@type\":\"PropertyValueSpecification\",\"valueRequired\":true,\"valueName\":\"search_term_string\"}}],\"inLanguage\":\"de\"}]}<\/script>\n<!-- \/ Yoast SEO plugin. -->","yoast_head_json":{"title":"Press - EN - BWM Fassadensysteme GmbH","robots":{"index":"index","follow":"follow","max-snippet":"max-snippet:-1","max-image-preview":"max-image-preview:large","max-video-preview":"max-video-preview:-1"},"canonical":"https:\/\/www.bwm.de\/en\/presse\/","og_locale":"de_DE","og_type":"article","og_title":"Press - EN - BWM Fassadensysteme GmbH","og_description":"May 2024 Moving BWM Fassadensysteme GmbH to New Locations Dear Business Partners, we would like to inform you that BWM Fassadensysteme GmbH will be relocating to new locations effective May 1st, 2024: Headquarters: Bertha-Benz-Platz 3 in 70771 Leinfelden Echterdingen\u00a0 BWM Logistics: Einhornstra\u00dfe 7 in 72138 Kirchentellinsfurt All contact details such as points of contact, telephone [&hellip;]","og_url":"https:\/\/www.bwm.de\/en\/presse\/","og_site_name":"EN - BWM Fassadensysteme GmbH","article_modified_time":"2024-04-24T13:36:52+00:00","og_image":[{"url":"https:\/\/www.bwm.de\/en\/wp-content\/uploads\/sites\/7\/2023\/05\/fischer-NB-BAU-Fassadensysteme-Bild-1-1024x570.jpg","type":"","width":"","height":""}],"twitter_card":"summary_large_image","twitter_misc":{"Gesch\u00e4tzte Lesezeit":"8\u00a0Minuten"},"schema":{"@context":"https:\/\/schema.org","@graph":[{"@type":"WebPage","@id":"https:\/\/www.bwm.de\/en\/presse\/","url":"https:\/\/www.bwm.de\/en\/presse\/","name":"Press - EN - BWM Fassadensysteme GmbH","isPartOf":{"@id":"https:\/\/www.bwm.de\/en\/#website"},"primaryImageOfPage":{"@id":"https:\/\/www.bwm.de\/en\/presse\/#primaryimage"},"image":{"@id":"https:\/\/www.bwm.de\/en\/presse\/#primaryimage"},"thumbnailUrl":"https:\/\/www.bwm.de\/en\/wp-content\/uploads\/sites\/7\/2023\/05\/fischer-NB-BAU-Fassadensysteme-Bild-1-1024x570.jpg","datePublished":"2023-05-12T06:14:24+00:00","dateModified":"2024-04-24T13:36:52+00:00","breadcrumb":{"@id":"https:\/\/www.bwm.de\/en\/presse\/#breadcrumb"},"inLanguage":"de","potentialAction":[{"@type":"ReadAction","target":["https:\/\/www.bwm.de\/en\/presse\/"]}]},{"@type":"ImageObject","inLanguage":"de","@id":"https:\/\/www.bwm.de\/en\/presse\/#primaryimage","url":"https:\/\/www.bwm.de\/en\/wp-content\/uploads\/sites\/7\/2023\/05\/fischer-NB-BAU-Fassadensysteme-Bild-1-scaled.jpg","contentUrl":"https:\/\/www.bwm.de\/en\/wp-content\/uploads\/sites\/7\/2023\/05\/fischer-NB-BAU-Fassadensysteme-Bild-1-scaled.jpg","width":2560,"height":1425},{"@type":"BreadcrumbList","@id":"https:\/\/www.bwm.de\/en\/presse\/#breadcrumb","itemListElement":[{"@type":"ListItem","position":1,"name":"Home","item":"https:\/\/www.bwm.de\/en\/"},{"@type":"ListItem","position":2,"name":"Press"}]},{"@type":"WebSite","@id":"https:\/\/www.bwm.de\/en\/#website","url":"https:\/\/www.bwm.de\/en\/","name":"EN - BWM Fassadensysteme GmbH","description":"","potentialAction":[{"@type":"SearchAction","target":{"@type":"EntryPoint","urlTemplate":"https:\/\/www.bwm.de\/en\/?s={search_term_string}"},"query-input":{"@type":"PropertyValueSpecification","valueRequired":true,"valueName":"search_term_string"}}],"inLanguage":"de"}]}},"_links":{"self":[{"href":"https:\/\/www.bwm.de\/en\/wp-json\/wp\/v2\/pages\/121","targetHints":{"allow":["GET"]}}],"collection":[{"href":"https:\/\/www.bwm.de\/en\/wp-json\/wp\/v2\/pages"}],"about":[{"href":"https:\/\/www.bwm.de\/en\/wp-json\/wp\/v2\/types\/page"}],"author":[{"embeddable":true,"href":"https:\/\/www.bwm.de\/en\/wp-json\/wp\/v2\/users\/10"}],"replies":[{"embeddable":true,"href":"https:\/\/www.bwm.de\/en\/wp-json\/wp\/v2\/comments?post=121"}],"version-history":[{"count":17,"href":"https:\/\/www.bwm.de\/en\/wp-json\/wp\/v2\/pages\/121\/revisions"}],"predecessor-version":[{"id":2337,"href":"https:\/\/www.bwm.de\/en\/wp-json\/wp\/v2\/pages\/121\/revisions\/2337"}],"wp:attachment":[{"href":"https:\/\/www.bwm.de\/en\/wp-json\/wp\/v2\/media?parent=121"}],"curies":[{"name":"wp","href":"https:\/\/api.w.org\/{rel}","templated":true}]}}